{"id":74,"date":"2018-08-24T01:25:26","date_gmt":"2018-08-24T01:25:26","guid":{"rendered":"http:\/\/192.168.1.209\/greenfarm\/?page_id=17"},"modified":"2022-05-30T18:24:48","modified_gmt":"2022-05-30T16:24:48","slug":"contact","status":"publish","type":"page","link":"https:\/\/afrimeubles.com\/index.php\/contact\/","title":{"rendered":"Contact"},"content":{"rendered":"[vc_row css=&#8221;.vc_custom_1584884093269{margin-bottom: 40px !important;}&#8221;][vc_column]<div class=\"heading-title style1 \"><div class=\"heading-title-inner\"><h3 class=\"heading\"><span>Laissez-nous un message !<\/span><\/h3><p>Merci de bien vouloir remplir le formulaire.<\/p><\/div><\/div>[vc_gmaps link=&#8221;#E-8_JTNDaWZyYW1lJTIwc3JjJTNEJTIyaHR0cHMlM0ElMkYlMkZ3d3cuZ29vZ2xlLmNvbSUyRm1hcHMlMkZlbWJlZCUzRnBiJTNEJTIxMW0xNCUyMTFtOCUyMTFtMyUyMTFkMTU0MzIuNTA0MjU2ODMyMzcyJTIxMmQtMTcuNDQwNjU1OSUyMTNkMTQuNzYxOTI2OSUyMTNtMiUyMTFpMTAyNCUyMTJpNzY4JTIxNGYxMy4xJTIxM20zJTIxMW0yJTIxMXMweDAlMjUzQTB4NDcyMmM1NzEyOGY5NGQyJTIxMnNBZnJpbWV1YmxlcyUyMTVlMCUyMTNtMiUyMTFzZnIlMjEyc3NuJTIxNHYxNjUzMzU1ODgxMjM0JTIxNW0yJTIxMXNmciUyMTJzc24lMjIlMjB3aWR0aCUzRCUyMjYwMCUyMiUyMGhlaWdodCUzRCUyMjQ1MCUyMiUyMHN0eWxlJTNEJTIyYm9yZGVyJTNBMCUzQiUyMiUyMGFsbG93ZnVsbHNjcmVlbiUzRCUyMiUyMiUyMGxvYWRpbmclM0QlMjJsYXp5JTIyJTIwcmVmZXJyZXJwb2xpY3klM0QlMjJuby1yZWZlcnJlci13aGVuLWRvd25ncmFkZSUyMiUzRSUzQyUyRmlmcmFtZSUzRQ==&#8221;][\/vc_column][\/vc_row][vc_row css=&#8221;.vc_custom_1575357145023{margin-bottom: 0px !important;}&#8221;][vc_column width=&#8221;1\/2&#8243; el_class=&#8221;contact-text&#8221;][vc_column_text]\n<ul>\n<li><i class=\"fa fa-home\" aria-hidden=\"true\">icon<\/i><br \/>\n<h4 class=\"item--title\">Adresse de notre compagnie<\/h4>\n<p>Parcelles Assainies Unit\u00e9 12 &#8211; Dakar<\/li>\n<li><i class=\"fa fa-envelope-open-o\" aria-hidden=\"true\">icon<\/i><br \/>\n<h4>T\u00e9l\u00e9phone<\/h4>\n<p>Mobile: (221) 77 615 29 42<br \/>\nFixe:\u00a0 (221) 33 835 88 57<br \/>\n<i class=\"fa fa-phone\" style=\"font-size: 1rem;\" aria-hidden=\"true\">icon<\/i><\/li>\n<li>\n<h4>Email<\/h4>\n<p>contact@afrimeubles.com<\/li>\n<\/ul>\n[\/vc_column_text][\/vc_column][vc_column width=&#8221;1\/2&#8243; el_class=&#8221;contact-form&#8221;]<div role=\"form\" class=\"wpcf7\" id=\"wpcf7-f2146-o1\" lang=\"en-US\" dir=\"ltr\">\n<div class=\"screen-reader-response\"><p role=\"status\" aria-live=\"polite\" aria-atomic=\"true\"><\/p> <ul><\/ul><\/div>\n<form action=\"\/index.php\/wp-json\/wp\/v2\/pages\/74#wpcf7-f2146-o1\" method=\"post\" class=\"wpcf7-form init\" novalidate=\"novalidate\" data-status=\"init\">\n<div style=\"display: none;\">\n<input type=\"hidden\" name=\"_wpcf7\" value=\"2146\" \/>\n<input type=\"hidden\" name=\"_wpcf7_version\" value=\"5.5.6\" \/>\n<input type=\"hidden\" name=\"_wpcf7_locale\" value=\"en_US\" \/>\n<input type=\"hidden\" name=\"_wpcf7_unit_tag\" value=\"wpcf7-f2146-o1\" \/>\n<input type=\"hidden\" name=\"_wpcf7_container_post\" value=\"0\" \/>\n<input type=\"hidden\" name=\"_wpcf7_posted_data_hash\" value=\"\" \/>\n<\/div>\n<p><label> Nom (requis)<br \/>\n    <span class=\"wpcf7-form-control-wrap votre-nom\"><input type=\"text\" name=\"votre-nom\" value=\"\" size=\"40\" class=\"wpcf7-form-control wpcf7-text wpcf7-validates-as-required\" aria-required=\"true\" aria-invalid=\"false\" \/><\/span> <\/label><\/p>\n<p><label> E-mail (requis)<br \/>\n    <span class=\"wpcf7-form-control-wrap votre-email\"><input type=\"email\" name=\"votre-email\" value=\"\" size=\"40\" class=\"wpcf7-form-control wpcf7-text wpcf7-email wpcf7-validates-as-required wpcf7-validates-as-email\" aria-required=\"true\" aria-invalid=\"false\" \/><\/span> <\/label><\/p>\n<p><label> T\u00e9l\u00e9phone (requis)<br \/>\n<span class=\"wpcf7-form-control-wrap tel\"><input type=\"tel\" name=\"tel\" value=\"\" size=\"40\" class=\"wpcf7-form-control wpcf7-text wpcf7-tel wpcf7-validates-as-required wpcf7-validates-as-tel\" aria-required=\"true\" aria-invalid=\"false\" placeholder=\"(+221)\" \/><\/span><\/label><\/p>\n<p><label> Message<br \/>\n    <span class=\"wpcf7-form-control-wrap votre-message\"><textarea name=\"votre-message\" cols=\"40\" rows=\"10\" class=\"wpcf7-form-control wpcf7-textarea\" aria-invalid=\"false\"><\/textarea><\/span> <\/label><\/p>\n<p><input type=\"submit\" value=\"Soumettre\" class=\"wpcf7-form-control has-spinner wpcf7-submit\" \/><\/p>\n<div class=\"wpcf7-response-output\" aria-hidden=\"true\"><\/div><\/form><\/div>[\/vc_column][\/vc_row][vc_row][vc_column][vc_column_text][\/vc_column_text][\/vc_column][\/vc_row]\n","protected":false},"excerpt":{"rendered":"<p>[vc_row css=&#8221;.vc_custom_1584884093269{margin-bottom: 40px !important;}&#8221;][vc_column][vc_gmaps link=&#8221;#E-8_JTNDaWZyYW1lJTIwc3JjJTNEJTIyaHR0cHMlM0ElMkYlMkZ3d3cuZ29vZ2xlLmNvbSUyRm1hcHMlMkZlbWJlZCUzRnBiJTNEJTIxMW0xNCUyMTFtOCUyMTFtMyUyMTFkMTU0MzIuNTA0MjU2ODMyMzcyJTIxMmQtMTcuNDQwNjU1OSUyMTNkMTQuNzYxOTI2OSUyMTNtMiUyMTFpMTAyNCUyMTJpNzY4JTIxNGYxMy4xJTIxM20zJTIxMW0yJTIxMXMweDAlMjUzQTB4NDcyMmM1NzEyOGY5NGQyJTIxMnNBZnJpbWV1YmxlcyUyMTVlMCUyMTNtMiUyMTFzZnIlMjEyc3NuJTIxNHYxNjUzMzU1ODgxMjM0JTIxNW0yJTIxMXNmciUyMTJzc24lMjIlMjB3aWR0aCUzRCUyMjYwMCUyMiUyMGhlaWdodCUzRCUyMjQ1MCUyMiUyMHN0eWxlJTNEJTIyYm9yZGVyJTNBMCUzQiUyMiUyMGFsbG93ZnVsbHNjcmVlbiUzRCUyMiUyMiUyMGxvYWRpbmclM0QlMjJsYXp5JTIyJTIwcmVmZXJyZXJwb2xpY3klM0QlMjJuby1yZWZlcnJlci13aGVuLWRvd25ncmFkZSUyMiUzRSUzQyUyRmlmcmFtZSUzRQ==&#8221;][\/vc_column][\/vc_row][vc_row css=&#8221;.vc_custom_1575357145023{margin-bottom: 0px !important;}&#8221;][vc_column width=&#8221;1\/2&#8243; el_class=&#8221;contact-text&#8221;][vc_column_text] icon Adresse de notre compagnie Parcelles Assainies Unit\u00e9 12 &#8211; Dakar icon T\u00e9l\u00e9phone Mobile: (221) 77 615 29 42 Fixe:\u00a0 (221) 33 835 88 57 icon Email contact@afrimeubles.com [\/vc_column_text][\/vc_column][vc_column width=&#8221;1\/2&#8243; el_class=&#8221;contact-form&#8221;][\/vc_column][\/vc_row][vc_row][vc_column][vc_column_text][\/vc_column_text][\/vc_column][\/vc_row]<\/p>\n","protected":false},"author":1,"featured_media":0,"parent":0,"menu_order":0,"comment_status":"closed","ping_status":"closed","template":"page-templates\/contact-page.php","meta":{"_monsterinsights_skip_tracking":false,"_monsterinsights_sitenote_active":false,"_monsterinsights_sitenote_note":"","_monsterinsights_sitenote_category":0},"yoast_head":"<!-- This site is optimized with the Yoast SEO plugin v18.9 - https:\/\/yoast.com\/wordpress\/plugins\/seo\/ -->\n<title>Contact - Afrimeubles Dakar<\/title>\n<meta name=\"robots\" content=\"index, follow, max-snippet:-1, max-image-preview:large, max-video-preview:-1\" \/>\n<link rel=\"canonical\" href=\"https:\/\/afrimeubles.com\/index.php\/contact\/\" \/>\n<meta property=\"og:locale\" content=\"en_US\" \/>\n<meta property=\"og:type\" content=\"article\" \/>\n<meta property=\"og:title\" content=\"Contact - Afrimeubles Dakar\" \/>\n<meta property=\"og:description\" content=\"[vc_row css=&#8221;.vc_custom_1584884093269{margin-bottom: 40px !important;}&#8221;][vc_column][vc_gmaps link=&#8221;#E-8_JTNDaWZyYW1lJTIwc3JjJTNEJTIyaHR0cHMlM0ElMkYlMkZ3d3cuZ29vZ2xlLmNvbSUyRm1hcHMlMkZlbWJlZCUzRnBiJTNEJTIxMW0xNCUyMTFtOCUyMTFtMyUyMTFkMTU0MzIuNTA0MjU2ODMyMzcyJTIxMmQtMTcuNDQwNjU1OSUyMTNkMTQuNzYxOTI2OSUyMTNtMiUyMTFpMTAyNCUyMTJpNzY4JTIxNGYxMy4xJTIxM20zJTIxMW0yJTIxMXMweDAlMjUzQTB4NDcyMmM1NzEyOGY5NGQyJTIxMnNBZnJpbWV1YmxlcyUyMTVlMCUyMTNtMiUyMTFzZnIlMjEyc3NuJTIxNHYxNjUzMzU1ODgxMjM0JTIxNW0yJTIxMXNmciUyMTJzc24lMjIlMjB3aWR0aCUzRCUyMjYwMCUyMiUyMGhlaWdodCUzRCUyMjQ1MCUyMiUyMHN0eWxlJTNEJTIyYm9yZGVyJTNBMCUzQiUyMiUyMGFsbG93ZnVsbHNjcmVlbiUzRCUyMiUyMiUyMGxvYWRpbmclM0QlMjJsYXp5JTIyJTIwcmVmZXJyZXJwb2xpY3klM0QlMjJuby1yZWZlcnJlci13aGVuLWRvd25ncmFkZSUyMiUzRSUzQyUyRmlmcmFtZSUzRQ==&#8221;][\/vc_column][\/vc_row][vc_row css=&#8221;.vc_custom_1575357145023{margin-bottom: 0px !important;}&#8221;][vc_column width=&#8221;1\/2&#8243; el_class=&#8221;contact-text&#8221;][vc_column_text] icon Adresse de notre compagnie Parcelles Assainies Unit\u00e9 12 &#8211; Dakar icon T\u00e9l\u00e9phone Mobile: (221) 77 615 29 42 Fixe:\u00a0 (221) 33 835 88 57 icon Email contact@afrimeubles.com [\/vc_column_text][\/vc_column][vc_column width=&#8221;1\/2&#8243; el_class=&#8221;contact-form&#8221;][\/vc_column][\/vc_row][vc_row][vc_column][vc_column_text][\/vc_column_text][\/vc_column][\/vc_row]\" \/>\n<meta property=\"og:url\" content=\"https:\/\/afrimeubles.com\/index.php\/contact\/\" \/>\n<meta property=\"og:site_name\" content=\"Afrimeubles Dakar\" \/>\n<meta property=\"article:publisher\" content=\"http:\/\/www.instagram.com\/afrimeubles_\" \/>\n<meta property=\"article:modified_time\" content=\"2022-05-30T16:24:48+00:00\" \/>\n<meta name=\"twitter:card\" content=\"summary_large_image\" \/>\n<script type=\"application\/ld+json\" class=\"yoast-schema-graph\">{\"@context\":\"https:\/\/schema.org\",\"@graph\":[{\"@type\":\"Organization\",\"@id\":\"https:\/\/afrimeubles.com\/#organization\",\"name\":\"Afrimeubles\",\"url\":\"https:\/\/afrimeubles.com\/\",\"sameAs\":[\"http:\/\/www.instagram.com\/afrimeubles_\"],\"logo\":{\"@type\":\"ImageObject\",\"inLanguage\":\"en-US\",\"@id\":\"https:\/\/afrimeubles.com\/#\/schema\/logo\/image\/\",\"url\":\"https:\/\/afrimeubles.com\/wp-content\/uploads\/2022\/05\/cropped-Logo-2-Transparent.png\",\"contentUrl\":\"https:\/\/afrimeubles.com\/wp-content\/uploads\/2022\/05\/cropped-Logo-2-Transparent.png\",\"width\":512,\"height\":512,\"caption\":\"Afrimeubles\"},\"image\":{\"@id\":\"https:\/\/afrimeubles.com\/#\/schema\/logo\/image\/\"}},{\"@type\":\"WebSite\",\"@id\":\"https:\/\/afrimeubles.com\/#website\",\"url\":\"https:\/\/afrimeubles.com\/\",\"name\":\"Afrimeubles Dakar\",\"description\":\"Meubles Haut de Gamme\",\"publisher\":{\"@id\":\"https:\/\/afrimeubles.com\/#organization\"},\"potentialAction\":[{\"@type\":\"SearchAction\",\"target\":{\"@type\":\"EntryPoint\",\"urlTemplate\":\"https:\/\/afrimeubles.com\/?s={search_term_string}\"},\"query-input\":\"required name=search_term_string\"}],\"inLanguage\":\"en-US\"},{\"@type\":\"WebPage\",\"@id\":\"https:\/\/afrimeubles.com\/index.php\/contact\/#webpage\",\"url\":\"https:\/\/afrimeubles.com\/index.php\/contact\/\",\"name\":\"Contact - Afrimeubles Dakar\",\"isPartOf\":{\"@id\":\"https:\/\/afrimeubles.com\/#website\"},\"datePublished\":\"2018-08-24T01:25:26+00:00\",\"dateModified\":\"2022-05-30T16:24:48+00:00\",\"breadcrumb\":{\"@id\":\"https:\/\/afrimeubles.com\/index.php\/contact\/#breadcrumb\"},\"inLanguage\":\"en-US\",\"potentialAction\":[{\"@type\":\"ReadAction\",\"target\":[\"https:\/\/afrimeubles.com\/index.php\/contact\/\"]}]},{\"@type\":\"BreadcrumbList\",\"@id\":\"https:\/\/afrimeubles.com\/index.php\/contact\/#breadcrumb\",\"itemListElement\":[{\"@type\":\"ListItem\",\"position\":1,\"name\":\"Accueil\",\"item\":\"https:\/\/afrimeubles.com\/\"},{\"@type\":\"ListItem\",\"position\":2,\"name\":\"Contact\"}]}]}<\/script>\n<!-- \/ Yoast SEO plugin. -->","yoast_head_json":{"title":"Contact - Afrimeubles Dakar","robots":{"index":"index","follow":"follow","max-snippet":"max-snippet:-1","max-image-preview":"max-image-preview:large","max-video-preview":"max-video-preview:-1"},"canonical":"https:\/\/afrimeubles.com\/index.php\/contact\/","og_locale":"en_US","og_type":"article","og_title":"Contact - Afrimeubles Dakar","og_description":"[vc_row css=&#8221;.vc_custom_1584884093269{margin-bottom: 40px !important;}&#8221;][vc_column][vc_gmaps link=&#8221;#E-8_JTNDaWZyYW1lJTIwc3JjJTNEJTIyaHR0cHMlM0ElMkYlMkZ3d3cuZ29vZ2xlLmNvbSUyRm1hcHMlMkZlbWJlZCUzRnBiJTNEJTIxMW0xNCUyMTFtOCUyMTFtMyUyMTFkMTU0MzIuNTA0MjU2ODMyMzcyJTIxMmQtMTcuNDQwNjU1OSUyMTNkMTQuNzYxOTI2OSUyMTNtMiUyMTFpMTAyNCUyMTJpNzY4JTIxNGYxMy4xJTIxM20zJTIxMW0yJTIxMXMweDAlMjUzQTB4NDcyMmM1NzEyOGY5NGQyJTIxMnNBZnJpbWV1YmxlcyUyMTVlMCUyMTNtMiUyMTFzZnIlMjEyc3NuJTIxNHYxNjUzMzU1ODgxMjM0JTIxNW0yJTIxMXNmciUyMTJzc24lMjIlMjB3aWR0aCUzRCUyMjYwMCUyMiUyMGhlaWdodCUzRCUyMjQ1MCUyMiUyMHN0eWxlJTNEJTIyYm9yZGVyJTNBMCUzQiUyMiUyMGFsbG93ZnVsbHNjcmVlbiUzRCUyMiUyMiUyMGxvYWRpbmclM0QlMjJsYXp5JTIyJTIwcmVmZXJyZXJwb2xpY3klM0QlMjJuby1yZWZlcnJlci13aGVuLWRvd25ncmFkZSUyMiUzRSUzQyUyRmlmcmFtZSUzRQ==&#8221;][\/vc_column][\/vc_row][vc_row css=&#8221;.vc_custom_1575357145023{margin-bottom: 0px !important;}&#8221;][vc_column width=&#8221;1\/2&#8243; el_class=&#8221;contact-text&#8221;][vc_column_text] icon Adresse de notre compagnie Parcelles Assainies Unit\u00e9 12 &#8211; Dakar icon T\u00e9l\u00e9phone Mobile: (221) 77 615 29 42 Fixe:\u00a0 (221) 33 835 88 57 icon Email contact@afrimeubles.com [\/vc_column_text][\/vc_column][vc_column width=&#8221;1\/2&#8243; el_class=&#8221;contact-form&#8221;][\/vc_column][\/vc_row][vc_row][vc_column][vc_column_text][\/vc_column_text][\/vc_column][\/vc_row]","og_url":"https:\/\/afrimeubles.com\/index.php\/contact\/","og_site_name":"Afrimeubles Dakar","article_publisher":"http:\/\/www.instagram.com\/afrimeubles_","article_modified_time":"2022-05-30T16:24:48+00:00","twitter_card":"summary_large_image","schema":{"@context":"https:\/\/schema.org","@graph":[{"@type":"Organization","@id":"https:\/\/afrimeubles.com\/#organization","name":"Afrimeubles","url":"https:\/\/afrimeubles.com\/","sameAs":["http:\/\/www.instagram.com\/afrimeubles_"],"logo":{"@type":"ImageObject","inLanguage":"en-US","@id":"https:\/\/afrimeubles.com\/#\/schema\/logo\/image\/","url":"https:\/\/afrimeubles.com\/wp-content\/uploads\/2022\/05\/cropped-Logo-2-Transparent.png","contentUrl":"https:\/\/afrimeubles.com\/wp-content\/uploads\/2022\/05\/cropped-Logo-2-Transparent.png","width":512,"height":512,"caption":"Afrimeubles"},"image":{"@id":"https:\/\/afrimeubles.com\/#\/schema\/logo\/image\/"}},{"@type":"WebSite","@id":"https:\/\/afrimeubles.com\/#website","url":"https:\/\/afrimeubles.com\/","name":"Afrimeubles Dakar","description":"Meubles Haut de Gamme","publisher":{"@id":"https:\/\/afrimeubles.com\/#organization"},"potentialAction":[{"@type":"SearchAction","target":{"@type":"EntryPoint","urlTemplate":"https:\/\/afrimeubles.com\/?s={search_term_string}"},"query-input":"required name=search_term_string"}],"inLanguage":"en-US"},{"@type":"WebPage","@id":"https:\/\/afrimeubles.com\/index.php\/contact\/#webpage","url":"https:\/\/afrimeubles.com\/index.php\/contact\/","name":"Contact - Afrimeubles Dakar","isPartOf":{"@id":"https:\/\/afrimeubles.com\/#website"},"datePublished":"2018-08-24T01:25:26+00:00","dateModified":"2022-05-30T16:24:48+00:00","breadcrumb":{"@id":"https:\/\/afrimeubles.com\/index.php\/contact\/#breadcrumb"},"inLanguage":"en-US","potentialAction":[{"@type":"ReadAction","target":["https:\/\/afrimeubles.com\/index.php\/contact\/"]}]},{"@type":"BreadcrumbList","@id":"https:\/\/afrimeubles.com\/index.php\/contact\/#breadcrumb","itemListElement":[{"@type":"ListItem","position":1,"name":"Accueil","item":"https:\/\/afrimeubles.com\/"},{"@type":"ListItem","position":2,"name":"Contact"}]}]}},"_links":{"self":[{"href":"https:\/\/afrimeubles.com\/index.php\/wp-json\/wp\/v2\/pages\/74"}],"collection":[{"href":"https:\/\/afrimeubles.com\/index.php\/wp-json\/wp\/v2\/pages"}],"about":[{"href":"https:\/\/afrimeubles.com\/index.php\/wp-json\/wp\/v2\/types\/page"}],"author":[{"embeddable":true,"href":"https:\/\/afrimeubles.com\/index.php\/wp-json\/wp\/v2\/users\/1"}],"replies":[{"embeddable":true,"href":"https:\/\/afrimeubles.com\/index.php\/wp-json\/wp\/v2\/comments?post=74"}],"version-history":[{"count":2,"href":"https:\/\/afrimeubles.com\/index.php\/wp-json\/wp\/v2\/pages\/74\/revisions"}],"predecessor-version":[{"id":2548,"href":"https:\/\/afrimeubles.com\/index.php\/wp-json\/wp\/v2\/pages\/74\/revisions\/2548"}],"wp:attachment":[{"href":"https:\/\/afrimeubles.com\/index.php\/wp-json\/wp\/v2\/media?parent=74"}],"curies":[{"name":"wp","href":"https:\/\/api.w.org\/{rel}","templated":true}]}}